{"id":1637,"date":"2024-03-14T15:46:05","date_gmt":"2024-03-14T14:46:05","guid":{"rendered":"https:\/\/cressana.com\/cart\/"},"modified":"2024-05-28T10:17:31","modified_gmt":"2024-05-28T08:17:31","slug":"cart","status":"publish","type":"page","link":"https:\/\/cressana.com\/en\/cart\/","title":{"rendered":"Cart"},"content":{"rendered":"\t\t<div data-elementor-type=\"wp-page\" data-elementor-id=\"1637\" class=\"elementor elementor-1637 elementor-21\" data-elementor-post-type=\"page\">\n\t\t\t\t<div class=\"elementor-element elementor-element-2cb88d9e e-flex e-con-boxed e-con e-parent\" data-id=\"2cb88d9e\" data-element_type=\"container\" data-e-type=\"container\">\n\t\t\t\t\t<div class=\"e-con-inner\">\n\t\t\t\t\t<\/div>\n\t\t\t\t<\/div>\n\t\t<div class=\"elementor-element elementor-element-f0ea934 e-flex e-con-boxed e-con e-parent\" data-id=\"f0ea934\" data-element_type=\"container\" data-e-type=\"container\">\n\t\t\t\t\t<div class=\"e-con-inner\">\n\t\t\t\t<div class=\"elementor-element elementor-element-f6b3025 elementor-widget elementor-widget-heading\" data-id=\"f6b3025\" data-element_type=\"widget\" data-e-type=\"widget\" data-widget_type=\"heading.default\">\n\t\t\t\t<div class=\"elementor-widget-container\">\n\t\t\t\t\t<h2 class=\"elementor-heading-title elementor-size-default\">Misschien bevallen deze producten jouw ook wel?<\/h2>\t\t\t\t<\/div>\n\t\t\t\t<\/div>\n\t\t\t\t<div class=\"woocommerce elementor-element elementor-element-57c49c3 elementor-grid-4 elementor-grid-tablet-2 elementor-grid-mobile-1 elementor-widget elementor-widget-loop-grid\" data-id=\"57c49c3\" data-element_type=\"widget\" data-e-type=\"widget\" data-settings=\"{&quot;_skin&quot;:&quot;product&quot;,&quot;template_id&quot;:286,&quot;columns&quot;:4,&quot;columns_tablet&quot;:&quot;2&quot;,&quot;columns_mobile&quot;:&quot;1&quot;,&quot;edit_handle_selector&quot;:&quot;[data-elementor-type=\\&quot;loop-item\\&quot;]&quot;,&quot;row_gap&quot;:{&quot;unit&quot;:&quot;px&quot;,&quot;size&quot;:&quot;&quot;,&quot;sizes&quot;:[]},&quot;row_gap_laptop&quot;:{&quot;unit&quot;:&quot;px&quot;,&quot;size&quot;:&quot;&quot;,&quot;sizes&quot;:[]},&quot;row_gap_tablet&quot;:{&quot;unit&quot;:&quot;px&quot;,&quot;size&quot;:&quot;&quot;,&quot;sizes&quot;:[]},&quot;row_gap_mobile&quot;:{&quot;unit&quot;:&quot;px&quot;,&quot;size&quot;:&quot;&quot;,&quot;sizes&quot;:[]}}\" data-widget_type=\"loop-grid.product\">\n\t\t\t\t<div class=\"elementor-widget-container\">\n\t\t\t\t\t\t\t<div class=\"e-loop-nothing-found-message\">\n\t\t\t\t\t<div class=\"e-loop-nothing-found-message__text\">\n\t\t\t\tHelaas kunnen wij op dit moment geen producten tonen.\t\t\t<\/div>\n\t\t\t<\/div>\n\t\t\t\t\t\t<\/div>\n\t\t\t\t<\/div>\n\t\t\t\t\t<\/div>\n\t\t\t\t<\/div>\n\t\t\t\t<\/div>\n\t\t","protected":false},"excerpt":{"rendered":"<p>Artikel verwijderen Miniatuurafbeelding Product Prijs Aantal Subtotaal &times; CALCIUM RODE ALG EXTRACT BIO &euro;&nbsp;16,95 CALCIUM RODE ALG EXTRACT BIO aantal &euro;&nbsp;33,90 Totaal Subtotaal &euro;&nbsp;33,90 Verzending De verzendopties worden bij het afrekenen ge\u00fcpdatet. Bereken verzendkosten Land\/regio: Selecteer een land\/regio\u2026AfghanistanAland eilandenAlbani\u00ebAlgerijeAmerikaans-SamoaAndorraAngolaAnguillaAntarcticaAntigua en BarbudaArgentini\u00ebArmeni\u00ebArubaAustrali\u00ebAzerbeidzjanBahamasBahreinBangladeshBarbadosBelauBelgi\u00ebBelizeBeninBermudaBhutanBoeroendiBoliviaBonaire, Sint Eustatius en SabaBosni\u00eb en HerzegovinaBotswanaBouvetBrazili\u00ebBrits Indische OceaanterritoriumBruneiBulgarijeBurkina FasoCambodjaCanadaCentraal-Afrikaanse RepubliekChiliChinaChristmaseilandCocoseilandenColombiaComorenCongo-BrazzavilleCongo-KinshasaCookeilandenCosta RicaCubaCura\u00e7aoCyprusDenemarkenDjiboutiDominicaDominicaanse RepubliekDuitslandEcuadorEgypteEl SalvadorEquatoriaal-GuineaEritreaEstlandEswatiniEthiopi\u00ebFaer\u00f6erFalklandeilandenFijiFilippijnenFinlandFrankrijkFrans-GuyanaFrans-Polynesi\u00ebFranse Zuidelijke [&hellip;]<\/p>\n","protected":false},"author":1,"featured_media":0,"parent":0,"menu_order":0,"comment_status":"closed","ping_status":"closed","template":"","meta":{"footnotes":""},"class_list":["post-1637","page","type-page","status-publish","hentry"],"yoast_head":"<!-- This site is optimized with the Yoast SEO plugin v27.3 - https:\/\/yoast.com\/product\/yoast-seo-wordpress\/ -->\n<title>Cart - Cressana<\/title>\n<meta name=\"robots\" content=\"index, follow, max-snippet:-1, max-image-preview:large, max-video-preview:-1\" \/>\n<link rel=\"canonical\" href=\"https:\/\/cressana.com\/en\/cart\/\" \/>\n<meta property=\"og:locale\" content=\"en_US\" \/>\n<meta property=\"og:type\" content=\"article\" \/>\n<meta property=\"og:title\" content=\"Cart - Cressana\" \/>\n<meta property=\"og:description\" content=\"Artikel verwijderen Miniatuurafbeelding Product Prijs Aantal Subtotaal &times; CALCIUM RODE ALG EXTRACT BIO &euro;&nbsp;16,95 CALCIUM RODE ALG EXTRACT BIO aantal &euro;&nbsp;33,90 Totaal Subtotaal &euro;&nbsp;33,90 Verzending De verzendopties worden bij het afrekenen ge\u00fcpdatet. Bereken verzendkosten Land\/regio: Selecteer een land\/regio\u2026AfghanistanAland eilandenAlbani\u00ebAlgerijeAmerikaans-SamoaAndorraAngolaAnguillaAntarcticaAntigua en BarbudaArgentini\u00ebArmeni\u00ebArubaAustrali\u00ebAzerbeidzjanBahamasBahreinBangladeshBarbadosBelauBelgi\u00ebBelizeBeninBermudaBhutanBoeroendiBoliviaBonaire, Sint Eustatius en SabaBosni\u00eb en HerzegovinaBotswanaBouvetBrazili\u00ebBrits Indische OceaanterritoriumBruneiBulgarijeBurkina FasoCambodjaCanadaCentraal-Afrikaanse RepubliekChiliChinaChristmaseilandCocoseilandenColombiaComorenCongo-BrazzavilleCongo-KinshasaCookeilandenCosta RicaCubaCura\u00e7aoCyprusDenemarkenDjiboutiDominicaDominicaanse RepubliekDuitslandEcuadorEgypteEl SalvadorEquatoriaal-GuineaEritreaEstlandEswatiniEthiopi\u00ebFaer\u00f6erFalklandeilandenFijiFilippijnenFinlandFrankrijkFrans-GuyanaFrans-Polynesi\u00ebFranse Zuidelijke [&hellip;]\" \/>\n<meta property=\"og:url\" content=\"https:\/\/cressana.com\/en\/cart\/\" \/>\n<meta property=\"og:site_name\" content=\"Cressana\" \/>\n<meta property=\"article:modified_time\" content=\"2024-05-28T08:17:31+00:00\" \/>\n<meta property=\"og:image\" content=\"https:\/\/cressana.com\/wp-content\/uploads\/2024\/04\/CS_calcium_60-caps-Medium-300x300.jpg\" \/>\n<meta name=\"twitter:card\" content=\"summary_large_image\" \/>\n<meta name=\"twitter:label1\" content=\"Est. reading time\" \/>\n\t<meta name=\"twitter:data1\" content=\"1 minute\" \/>\n<script type=\"application\/ld+json\" class=\"yoast-schema-graph\">{\"@context\":\"https:\\\/\\\/schema.org\",\"@graph\":[{\"@type\":\"WebPage\",\"@id\":\"https:\\\/\\\/cressana.com\\\/en\\\/cart\\\/\",\"url\":\"https:\\\/\\\/cressana.com\\\/en\\\/cart\\\/\",\"name\":\"Cart - Cressana\",\"isPartOf\":{\"@id\":\"https:\\\/\\\/cressana.com\\\/en\\\/#website\"},\"primaryImageOfPage\":{\"@id\":\"https:\\\/\\\/cressana.com\\\/en\\\/cart\\\/#primaryimage\"},\"image\":{\"@id\":\"https:\\\/\\\/cressana.com\\\/en\\\/cart\\\/#primaryimage\"},\"thumbnailUrl\":\"https:\\\/\\\/cressana.com\\\/wp-content\\\/uploads\\\/2024\\\/04\\\/CS_calcium_60-caps-Medium-300x300.jpg\",\"datePublished\":\"2024-03-14T14:46:05+00:00\",\"dateModified\":\"2024-05-28T08:17:31+00:00\",\"breadcrumb\":{\"@id\":\"https:\\\/\\\/cressana.com\\\/en\\\/cart\\\/#breadcrumb\"},\"inLanguage\":\"en-US\",\"potentialAction\":[{\"@type\":\"ReadAction\",\"target\":[\"https:\\\/\\\/cressana.com\\\/en\\\/cart\\\/\"]}]},{\"@type\":\"ImageObject\",\"inLanguage\":\"en-US\",\"@id\":\"https:\\\/\\\/cressana.com\\\/en\\\/cart\\\/#primaryimage\",\"url\":\"https:\\\/\\\/cressana.com\\\/wp-content\\\/uploads\\\/2024\\\/04\\\/CS_calcium_60-caps-Medium-300x300.jpg\",\"contentUrl\":\"https:\\\/\\\/cressana.com\\\/wp-content\\\/uploads\\\/2024\\\/04\\\/CS_calcium_60-caps-Medium-300x300.jpg\"},{\"@type\":\"BreadcrumbList\",\"@id\":\"https:\\\/\\\/cressana.com\\\/en\\\/cart\\\/#breadcrumb\",\"itemListElement\":[{\"@type\":\"ListItem\",\"position\":1,\"name\":\"Home\",\"item\":\"https:\\\/\\\/cressana.com\\\/en\\\/\"},{\"@type\":\"ListItem\",\"position\":2,\"name\":\"Cart\"}]},{\"@type\":\"WebSite\",\"@id\":\"https:\\\/\\\/cressana.com\\\/en\\\/#website\",\"url\":\"https:\\\/\\\/cressana.com\\\/en\\\/\",\"name\":\"Cressana\",\"description\":\"\",\"potentialAction\":[{\"@type\":\"SearchAction\",\"target\":{\"@type\":\"EntryPoint\",\"urlTemplate\":\"https:\\\/\\\/cressana.com\\\/en\\\/?s={search_term_string}\"},\"query-input\":{\"@type\":\"PropertyValueSpecification\",\"valueRequired\":true,\"valueName\":\"search_term_string\"}}],\"inLanguage\":\"en-US\"}]}<\/script>\n<!-- \/ Yoast SEO plugin. -->","yoast_head_json":{"title":"Cart - Cressana","robots":{"index":"index","follow":"follow","max-snippet":"max-snippet:-1","max-image-preview":"max-image-preview:large","max-video-preview":"max-video-preview:-1"},"canonical":"https:\/\/cressana.com\/en\/cart\/","og_locale":"en_US","og_type":"article","og_title":"Cart - Cressana","og_description":"Artikel verwijderen Miniatuurafbeelding Product Prijs Aantal Subtotaal &times; CALCIUM RODE ALG EXTRACT BIO &euro;&nbsp;16,95 CALCIUM RODE ALG EXTRACT BIO aantal &euro;&nbsp;33,90 Totaal Subtotaal &euro;&nbsp;33,90 Verzending De verzendopties worden bij het afrekenen ge\u00fcpdatet. Bereken verzendkosten Land\/regio: Selecteer een land\/regio\u2026AfghanistanAland eilandenAlbani\u00ebAlgerijeAmerikaans-SamoaAndorraAngolaAnguillaAntarcticaAntigua en BarbudaArgentini\u00ebArmeni\u00ebArubaAustrali\u00ebAzerbeidzjanBahamasBahreinBangladeshBarbadosBelauBelgi\u00ebBelizeBeninBermudaBhutanBoeroendiBoliviaBonaire, Sint Eustatius en SabaBosni\u00eb en HerzegovinaBotswanaBouvetBrazili\u00ebBrits Indische OceaanterritoriumBruneiBulgarijeBurkina FasoCambodjaCanadaCentraal-Afrikaanse RepubliekChiliChinaChristmaseilandCocoseilandenColombiaComorenCongo-BrazzavilleCongo-KinshasaCookeilandenCosta RicaCubaCura\u00e7aoCyprusDenemarkenDjiboutiDominicaDominicaanse RepubliekDuitslandEcuadorEgypteEl SalvadorEquatoriaal-GuineaEritreaEstlandEswatiniEthiopi\u00ebFaer\u00f6erFalklandeilandenFijiFilippijnenFinlandFrankrijkFrans-GuyanaFrans-Polynesi\u00ebFranse Zuidelijke [&hellip;]","og_url":"https:\/\/cressana.com\/en\/cart\/","og_site_name":"Cressana","article_modified_time":"2024-05-28T08:17:31+00:00","og_image":[{"url":"https:\/\/cressana.com\/wp-content\/uploads\/2024\/04\/CS_calcium_60-caps-Medium-300x300.jpg","type":"","width":"","height":""}],"twitter_card":"summary_large_image","twitter_misc":{"Est. reading time":"1 minute"},"schema":{"@context":"https:\/\/schema.org","@graph":[{"@type":"WebPage","@id":"https:\/\/cressana.com\/en\/cart\/","url":"https:\/\/cressana.com\/en\/cart\/","name":"Cart - Cressana","isPartOf":{"@id":"https:\/\/cressana.com\/en\/#website"},"primaryImageOfPage":{"@id":"https:\/\/cressana.com\/en\/cart\/#primaryimage"},"image":{"@id":"https:\/\/cressana.com\/en\/cart\/#primaryimage"},"thumbnailUrl":"https:\/\/cressana.com\/wp-content\/uploads\/2024\/04\/CS_calcium_60-caps-Medium-300x300.jpg","datePublished":"2024-03-14T14:46:05+00:00","dateModified":"2024-05-28T08:17:31+00:00","breadcrumb":{"@id":"https:\/\/cressana.com\/en\/cart\/#breadcrumb"},"inLanguage":"en-US","potentialAction":[{"@type":"ReadAction","target":["https:\/\/cressana.com\/en\/cart\/"]}]},{"@type":"ImageObject","inLanguage":"en-US","@id":"https:\/\/cressana.com\/en\/cart\/#primaryimage","url":"https:\/\/cressana.com\/wp-content\/uploads\/2024\/04\/CS_calcium_60-caps-Medium-300x300.jpg","contentUrl":"https:\/\/cressana.com\/wp-content\/uploads\/2024\/04\/CS_calcium_60-caps-Medium-300x300.jpg"},{"@type":"BreadcrumbList","@id":"https:\/\/cressana.com\/en\/cart\/#breadcrumb","itemListElement":[{"@type":"ListItem","position":1,"name":"Home","item":"https:\/\/cressana.com\/en\/"},{"@type":"ListItem","position":2,"name":"Cart"}]},{"@type":"WebSite","@id":"https:\/\/cressana.com\/en\/#website","url":"https:\/\/cressana.com\/en\/","name":"Cressana","description":"","potentialAction":[{"@type":"SearchAction","target":{"@type":"EntryPoint","urlTemplate":"https:\/\/cressana.com\/en\/?s={search_term_string}"},"query-input":{"@type":"PropertyValueSpecification","valueRequired":true,"valueName":"search_term_string"}}],"inLanguage":"en-US"}]}},"_links":{"self":[{"href":"https:\/\/cressana.com\/en\/wp-json\/wp\/v2\/pages\/1637","targetHints":{"allow":["GET"]}}],"collection":[{"href":"https:\/\/cressana.com\/en\/wp-json\/wp\/v2\/pages"}],"about":[{"href":"https:\/\/cressana.com\/en\/wp-json\/wp\/v2\/types\/page"}],"author":[{"embeddable":true,"href":"https:\/\/cressana.com\/en\/wp-json\/wp\/v2\/users\/1"}],"replies":[{"embeddable":true,"href":"https:\/\/cressana.com\/en\/wp-json\/wp\/v2\/comments?post=1637"}],"version-history":[{"count":0,"href":"https:\/\/cressana.com\/en\/wp-json\/wp\/v2\/pages\/1637\/revisions"}],"wp:attachment":[{"href":"https:\/\/cressana.com\/en\/wp-json\/wp\/v2\/media?parent=1637"}],"curies":[{"name":"wp","href":"https:\/\/api.w.org\/{rel}","templated":true}]}}